{"id":24,"date":"2024-06-24T17:28:48","date_gmt":"2024-06-24T23:28:48","guid":{"rendered":"https:\/\/heroesverdes.mx\/?page_id=24"},"modified":"2025-02-17T19:09:47","modified_gmt":"2025-02-18T01:09:47","slug":"nosotros","status":"publish","type":"page","link":"https:\/\/heroesverdes.com.mx\/es\/nosotros\/","title":{"rendered":"Nosotros"},"content":{"rendered":"<p>[et_pb_section fb_built=\u00bb1&#8243; _builder_version=\u00bb4.25.2&#8243; _module_preset=\u00bbdefault\u00bb background_image=\u00bbhttps:\/\/heroesverdes.mx\/wp-content\/uploads\/2024\/06\/fondo-nosotros.jpg\u00bb custom_padding=\u00bb15vh||15vh||true|false\u00bb global_colors_info=\u00bb{}\u00bb][et_pb_row _builder_version=\u00bb4.25.2&#8243; _module_preset=\u00bbdefault\u00bb global_colors_info=\u00bb{}\u00bb][et_pb_column type=\u00bb4_4&#8243; _builder_version=\u00bb4.25.2&#8243; _module_preset=\u00bbdefault\u00bb global_colors_info=\u00bb{}\u00bb][et_pb_text _builder_version=\u00bb4.25.2&#8243; _module_preset=\u00bbdefault\u00bb header_2_font=\u00bb||||||||\u00bb header_2_text_color=\u00bb#78ff31&#8243; header_2_font_size=\u00bb60px\u00bb global_colors_info=\u00bb{}\u00bb]<\/p>\n<h2>La Casa de Cine<\/h2>\n<p>[\/et_pb_text][\/et_pb_column][\/et_pb_row][et_pb_row _builder_version=\u00bb4.25.2&#8243; _module_preset=\u00bbdefault\u00bb global_colors_info=\u00bb{}\u00bb][et_pb_column type=\u00bb4_4&#8243; _builder_version=\u00bb4.25.2&#8243; _module_preset=\u00bbdefault\u00bb global_colors_info=\u00bb{}\u00bb][et_pb_text _builder_version=\u00bb4.25.2&#8243; _module_preset=\u00bbdefault\u00bb text_text_color=\u00bb#FFFFFF\u00bb text_orientation=\u00bbjustified\u00bb global_colors_info=\u00bb{}\u00bb]<\/p>\n<p>La Casa de Cine es una productora mexicana fundada en 2007 por Francisco Laresgoiti y Jordi Mariscal, que ha realizado diversos proyectos cinematogr\u00e1ficos como cortos, documentales y pel\u00edculas.<\/p>\n<p>La productora tiene como misi\u00f3n <span style=\"color: #78ff31;\">crear historias f\u00edlmicas de calidad<\/span> que conmuevan a los espectadores. Adem\u00e1s, a trav\u00e9s de nuestros documentales buscamos crear mayor conciencia y reflexi\u00f3n acerca de temas trascendentales, entre ellos el cuidado al medio ambiente o los vestigios de nuestra historia.<\/p>\n<p>[\/et_pb_text][\/et_pb_column][\/et_pb_row][\/et_pb_section][et_pb_section fb_built=\u00bb1&#8243; _builder_version=\u00bb4.25.2&#8243; _module_preset=\u00bbdefault\u00bb background_color=\u00bb#000000&#8243; global_colors_info=\u00bb{}\u00bb][et_pb_row _builder_version=\u00bb4.25.2&#8243; _module_preset=\u00bbdefault\u00bb global_colors_info=\u00bb{}\u00bb][et_pb_column type=\u00bb4_4&#8243; _builder_version=\u00bb4.25.2&#8243; _module_preset=\u00bbdefault\u00bb global_colors_info=\u00bb{}\u00bb][et_pb_text _builder_version=\u00bb4.25.2&#8243; _module_preset=\u00bbdefault\u00bb text_font=\u00bb|||on|||||\u00bb header_3_font=\u00bb|700|||||||\u00bb header_3_text_color=\u00bb#FFFFFF\u00bb text_orientation=\u00bbcenter\u00bb global_colors_info=\u00bb{}\u00bb]<\/p>\n<p>Filmakers<\/p>\n<h3>Crew<\/h3>\n<p>[\/et_pb_text][et_pb_divider color=\u00bb#63d528&#8243; divider_weight=\u00bb2px\u00bb _builder_version=\u00bb4.25.2&#8243; _module_preset=\u00bbdefault\u00bb width=\u00bb6%\u00bb module_alignment=\u00bbcenter\u00bb custom_margin=\u00bb-3vh||||false|false\u00bb global_colors_info=\u00bb{}\u00bb][\/et_pb_divider][\/et_pb_column][\/et_pb_row][et_pb_row _builder_version=\u00bb4.25.2&#8243; _module_preset=\u00bbdefault\u00bb width=\u00bb100%\u00bb max_width=\u00bb90%\u00bb global_colors_info=\u00bb{}\u00bb][et_pb_column type=\u00bb4_4&#8243; _builder_version=\u00bb4.25.2&#8243; _module_preset=\u00bbdefault\u00bb global_colors_info=\u00bb{}\u00bb][dsm_card_carousel slide_to_show=\u00bb5&#8243; multiple_slide_row=\u00bbon\u00bb slide_row=\u00bb3&#8243; autoplay=\u00bboff\u00bb equal_height=\u00bbon\u00bb arrows=\u00bboff\u00bb dots=\u00bboff\u00bb touch_move=\u00bbon\u00bb slide_to_show_tablet=\u00bb4&#8243; slide_to_show_phone=\u00bb1&#8243; slide_to_show_last_edited=\u00bbon|tablet\u00bb slide_row_tablet=\u00bb4&#8243; slide_row_phone=\u00bb14&#8243; slide_row_last_edited=\u00bbon|tablet\u00bb _builder_version=\u00bb4.25.2&#8243; _module_preset=\u00bbdefault\u00bb header_font=\u00bb|700|||||||\u00bb header_text_align=\u00bbcenter\u00bb header_text_color=\u00bb#63d528&#8243; body_text_align=\u00bbcenter\u00bb custom_margin=\u00bb||0px||false|false\u00bb hover_enabled=\u00bb0&#8243; global_colors_info=\u00bb{}\u00bb sticky_enabled=\u00bb0&#8243;][dsm_card_carousel_child title=\u00bbJordi Mariscal\u00bb image=\u00bbhttps:\/\/heroesverdes.mx\/wp-content\/uploads\/2024\/06\/crew-01jordi-mariscal.png\u00bb image_as_background=\u00bboff\u00bb button_url_new_window=\u00bb1&#8243; _builder_version=\u00bb4.25.2&#8243; _module_preset=\u00bbdefault\u00bb global_colors_info=\u00bb{}\u00bb parent_button=\u00bboff\u00bb parent_header_level=\u00bbh4&#8243;]<\/p>\n<p><span>Director y Productor Ejecutivo<\/span><\/p>\n<p>[\/dsm_card_carousel_child][dsm_card_carousel_child title=\u00bbCarlos Gu\u00edzar\u00bb image=\u00bbhttps:\/\/heroesverdes.mx\/wp-content\/uploads\/2024\/06\/crew-02carlos-guizar.png\u00bb image_as_background=\u00bboff\u00bb button_url_new_window=\u00bb1&#8243; _builder_version=\u00bb4.25.2&#8243; _module_preset=\u00bbdefault\u00bb global_colors_info=\u00bb{}\u00bb parent_button=\u00bboff\u00bb parent_header_level=\u00bbh4&#8243;]<\/p>\n<p><span>Director de fotograf\u00eda<\/span><\/p>\n<p>[\/dsm_card_carousel_child][dsm_card_carousel_child title=\u00bbAna P\u00e9rez\u00bb image=\u00bbhttps:\/\/heroesverdes.mx\/wp-content\/uploads\/2024\/06\/crew-03ana-perez.png\u00bb image_as_background=\u00bboff\u00bb button_url_new_window=\u00bb1&#8243; _builder_version=\u00bb4.25.2&#8243; _module_preset=\u00bbdefault\u00bb global_colors_info=\u00bb{}\u00bb parent_button=\u00bboff\u00bb parent_header_level=\u00bbh4&#8243;]<\/p>\n<p><span>Editora y coordinadora editorial<\/span><\/p>\n<p>[\/dsm_card_carousel_child][dsm_card_carousel_child title=\u00bbErick Rodr\u00edguez\u00bb image=\u00bbhttps:\/\/heroesverdes.mx\/wp-content\/uploads\/2024\/06\/crew-04erick-rodriguez.png\u00bb image_as_background=\u00bboff\u00bb button_url_new_window=\u00bb1&#8243; _builder_version=\u00bb4.25.2&#8243; _module_preset=\u00bbdefault\u00bb global_colors_info=\u00bb{}\u00bb parent_button=\u00bboff\u00bb parent_header_level=\u00bbh4&#8243;]<\/p>\n<p><span>Gui\u00f3n e investigaci\u00f3n<\/span><\/p>\n<p>[\/dsm_card_carousel_child][dsm_card_carousel_child title=\u00bbPedro Ord\u00f3\u00f1ez\u00bb image=\u00bbhttps:\/\/heroesverdes.mx\/wp-content\/uploads\/2024\/06\/crew-05pedro-ordonez.png\u00bb image_as_background=\u00bboff\u00bb button_url_new_window=\u00bb1&#8243; _builder_version=\u00bb4.25.2&#8243; _module_preset=\u00bbdefault\u00bb global_colors_info=\u00bb{}\u00bb parent_button=\u00bboff\u00bb parent_header_level=\u00bbh4&#8243;]<\/p>\n<p><span>Composici\u00f3n musical<\/span><\/p>\n<p>[\/dsm_card_carousel_child][dsm_card_carousel_child title=\u00bbEnrique Fern\u00e1ndez\u00bb image=\u00bbhttps:\/\/heroesverdes.mx\/wp-content\/uploads\/2024\/06\/crew-06enrique-fernandez.png\u00bb image_as_background=\u00bboff\u00bb button_url_new_window=\u00bb1&#8243; _builder_version=\u00bb4.25.2&#8243; _module_preset=\u00bbdefault\u00bb global_colors_info=\u00bb{}\u00bb parent_button=\u00bboff\u00bb parent_header_level=\u00bbh4&#8243;]<\/p>\n<p><span>Supervisi\u00f3n y dise\u00f1o sonoro<\/span><\/p>\n<p>[\/dsm_card_carousel_child][dsm_card_carousel_child title=\u00bbPablo Acosta\u00bb image=\u00bbhttps:\/\/heroesverdes.mx\/wp-content\/uploads\/2024\/06\/crew-07Pablo-acosta.png\u00bb image_as_background=\u00bboff\u00bb button_url_new_window=\u00bb1&#8243; _builder_version=\u00bb4.25.2&#8243; _module_preset=\u00bbdefault\u00bb global_colors_info=\u00bb{}\u00bb parent_button=\u00bboff\u00bb parent_header_level=\u00bbh4&#8243;]<\/p>\n<p><span>Sonido directo<\/span><\/p>\n<p>[\/dsm_card_carousel_child][dsm_card_carousel_child title=\u00bbRa\u00fal Padilla\u00bb image=\u00bbhttps:\/\/heroesverdes.mx\/wp-content\/uploads\/2024\/06\/crew-08raul-padilla.png\u00bb image_as_background=\u00bboff\u00bb button_url_new_window=\u00bb1&#8243; _builder_version=\u00bb4.25.2&#8243; _module_preset=\u00bbdefault\u00bb global_colors_info=\u00bb{}\u00bb parent_button=\u00bboff\u00bb parent_header_level=\u00bbh4&#8243;]<\/p>\n<p><span>Data manager, c\u00e1mara B y asistente de edici\u00f3n<\/span><\/p>\n<p>[\/dsm_card_carousel_child][dsm_card_carousel_child title=\u00bbStudio La fe ciega Domingo Mart\u00ednez + Yolanda Garibay\u00bb image=\u00bbhttps:\/\/heroesverdes.mx\/wp-content\/uploads\/2024\/06\/crew-09studio-fe.png\u00bb image_as_background=\u00bboff\u00bb button_url_new_window=\u00bb1&#8243; _builder_version=\u00bb4.25.2&#8243; _module_preset=\u00bbdefault\u00bb global_colors_info=\u00bb{}\u00bb parent_button=\u00bboff\u00bb parent_header_level=\u00bbh4&#8243;]<\/p>\n<p><span>Dise\u00f1o de identidad visual e ilustraciones<\/span><\/p>\n<p>[\/dsm_card_carousel_child][dsm_card_carousel_child title=\u00bbCaro Cede\u00f1o\u00bb image=\u00bbhttps:\/\/heroesverdes.mx\/wp-content\/uploads\/2024\/06\/crew-10caro-cedeno.png\u00bb image_as_background=\u00bboff\u00bb button_url_new_window=\u00bb1&#8243; _builder_version=\u00bb4.25.2&#8243; _module_preset=\u00bbdefault\u00bb global_colors_info=\u00bb{}\u00bb parent_button=\u00bboff\u00bb parent_header_level=\u00bbh4&#8243;]<\/p>\n<p><span>Asistente de edici\u00f3n<\/span><\/p>\n<p>[\/dsm_card_carousel_child][dsm_card_carousel_child title=\u00bbViviana D\u00edaz\u00bb image=\u00bbhttps:\/\/heroesverdes.mx\/wp-content\/uploads\/2024\/06\/crew-11viridiana-diaz.png\u00bb image_as_background=\u00bboff\u00bb button_url_new_window=\u00bb1&#8243; _builder_version=\u00bb4.25.2&#8243; _module_preset=\u00bbdefault\u00bb hover_enabled=\u00bb0&#8243; global_colors_info=\u00bb{}\u00bb parent_button=\u00bboff\u00bb parent_header_level=\u00bbh4&#8243; sticky_enabled=\u00bb0&#8243;]<\/p>\n<p><span>Animaciones<\/span><\/p>\n<p>[\/dsm_card_carousel_child][dsm_card_carousel_child title=\u00bbM\u00f3nica Torres\u00bb image=\u00bbhttps:\/\/heroesverdes.mx\/wp-content\/uploads\/2024\/06\/crew-12monica-torres.png\u00bb image_as_background=\u00bboff\u00bb button_url_new_window=\u00bb1&#8243; _builder_version=\u00bb4.25.2&#8243; _module_preset=\u00bbdefault\u00bb global_colors_info=\u00bb{}\u00bb parent_button=\u00bboff\u00bb parent_header_level=\u00bbh4&#8243;]<\/p>\n<p><span>Administradora<\/span><\/p>\n<p>[\/dsm_card_carousel_child][dsm_card_carousel_child title=\u00bbRosario Gonz\u00e1lez\u00bb image=\u00bbhttps:\/\/heroesverdes.mx\/wp-content\/uploads\/2024\/06\/crew-13rosario-glz.png\u00bb image_as_background=\u00bboff\u00bb button_url_new_window=\u00bb1&#8243; _builder_version=\u00bb4.25.2&#8243; _module_preset=\u00bbdefault\u00bb global_colors_info=\u00bb{}\u00bb parent_button=\u00bboff\u00bb parent_header_level=\u00bbh4&#8243;]<\/p>\n<p><span>Transcriptora de entrevistas<\/span><\/p>\n<p>[\/dsm_card_carousel_child][dsm_card_carousel_child title=\u00bbCatalina Rinc\u00f3n \u00bb image=\u00bbhttp:\/\/heroesverdes.mx\/wp-content\/uploads\/2025\/02\/catalina.jpeg\u00bb image_as_background=\u00bboff\u00bb button_url_new_window=\u00bb1&#8243; _builder_version=\u00bb4.25.2&#8243; _module_preset=\u00bbdefault\u00bb hover_enabled=\u00bb0&#8243; global_colors_info=\u00bb{}\u00bb parent_button=\u00bboff\u00bb parent_header_level=\u00bbh4&#8243; title_text=\u00bbcatalina\u00bb sticky_enabled=\u00bb0&#8243;]<\/p>\n<p><span>Creadora de trailer<\/span><\/p>\n<p>[\/dsm_card_carousel_child][dsm_card_carousel_child title=\u00bbMauricio Tapia\u00bb image_as_background=\u00bboff\u00bb button_url_new_window=\u00bb1&#8243; _builder_version=\u00bb4.25.2&#8243; _module_preset=\u00bbdefault\u00bb global_colors_info=\u00bb{}\u00bb parent_button=\u00bboff\u00bb parent_header_level=\u00bbh4&#8243;]<\/p>\n<p><span>Correcci\u00f3n de color: Lomas Post<\/span><\/p>\n<p><span>Coordinador de producci\u00f3n<\/span><\/p>\n<p>[\/dsm_card_carousel_child][\/dsm_card_carousel][\/et_pb_column][\/et_pb_row][\/et_pb_section]<\/p>\n","protected":false},"excerpt":{"rendered":"<p>La Casa de CineLa Casa de Cine es una productora mexicana fundada en 2007 por Francisco Laresgoiti y Jordi Mariscal, que ha realizado diversos proyectos cinematogr\u00e1ficos como cortos, documentales y pel\u00edculas. La productora tiene como misi\u00f3n crear historias f\u00edlmicas de calidad que conmuevan a los espectadores. Adem\u00e1s, a trav\u00e9s de nuestros documentales buscamos crear mayor conciencia y reflexi\u00f3n acerca de temas trascendentales, entre ellos el cuidado al medio ambiente o los vestigios de nuestra historia.Filmakers Crew<div class=\"et_pb_module dsm_card_carousel dsm_card_carousel_0 dsm_card_carousel_layout_stacked  dsm_card_carousel_equal_height dsm_card_carousel_arrow_outside dsm_card_carousel_arrow_mobile_inside\">\n\t\t\t\t\n\t\t\t\t\n\t\t\t\t\n\t\t\t\t\n\t\t\t\t\n\t\t\t\t\n\t\t\t\t<div class=\"et_pb_module_inner\">\n\t\t\t\t\t\n\t\t\t\n\t\t\t<div class=\"swiper-container dsm_card_carousel_wrapper\" dir=\"ltr\" data-params=\"[{&quot;direction&quot;:&quot;horizontal&quot;,&quot;effect&quot;:&quot;default&quot;,&quot;slider_effect_shadows&quot;:false,&quot;slider_effect_coverflow_rotate&quot;:&quot;30&quot;,&quot;slider_effect_coverflow_depth&quot;:&quot;0&quot;,&quot;loop&quot;:false,&quot;slide_to_show&quot;:&quot;5&quot;,&quot;slide_to_show_tablet&quot;:&quot;4&quot;,&quot;slide_to_show_phone&quot;:&quot;1&quot;,&quot;slide_to_scroll&quot;:&quot;1&quot;,&quot;slide_to_scroll_tablet&quot;:&quot;1&quot;,&quot;slide_to_scroll_phone&quot;:&quot;1&quot;,&quot;space_between&quot;:&quot;15&quot;,&quot;space_between_tablet&quot;:&quot;15&quot;,&quot;space_between_phone&quot;:&quot;15&quot;,&quot;centered_slides&quot;:false,&quot;slide_row&quot;:&quot;3&quot;,&quot;slide_row_tablet&quot;:&quot;4&quot;,&quot;slide_row_phone&quot;:&quot;14&quot;,&quot;speed&quot;:&quot;300&quot;,&quot;autoplay&quot;:false,&quot;autoplay_speed&quot;:&quot;3000&quot;,&quot;autoplay_viewport&quot;:&quot;&quot;,&quot;touch_move&quot;:false,&quot;grab&quot;:true,&quot;pause_on_hover&quot;:false,&quot;mousewheel&quot;:false,&quot;auto_height&quot;:false,&quot;equal_height_tablet&quot;:false,&quot;equal_height_phone&quot;:false}]\">\n\t\t\t<div class=\"swiper-wrapper\"><\/div>\n\t\t\t<\/div><div class=\"swiper-button-prev dsm_card_carousel_arrow\" data-icon=\"4\"><\/div><div class=\"swiper-button-next dsm_card_carousel_arrow\" data-icon=\"5\"><\/div><div class=\"swiper-pagination dsm_card_carousel_pagination\"><\/div>\n\t\t\t\t<\/div>\n\t\t\t<\/div><div class=\"dsm_card_carousel_child dsm_card_carousel_child_0 swiper-slide\">\n\t\t\t\t\n\t\t\t\t\n\t\t\t\t\n\t\t\t\t\n\t\t\t\t\n\t\t\t\t\n\t\t\t\t<div class=\"et_pb_module_inner\">\n\t\t\t\t\t\n\t\t\t\n\t\t\t<figure class=\"dsm_card_carousel_child_image_wrapper dsm_card_carousel_child_badge_top_right\"><img decoding=\"async\" src=\"https:\/\/heroesverdes.mx\/wp-content\/uploads\/2024\/06\/crew-01jordi-mariscal.png\" alt=\"\" srcset=\"https:\/\/heroesverdes.com.mx\/wp-content\/uploads\/2024\/06\/crew-01jordi-mariscal.png 317w, https:\/\/heroesverdes.com.mx\/wp-content\/uploads\/2024\/06\/crew-01jordi-mariscal-300x300.png 300w, https:\/\/heroesverdes.com.mx\/wp-content\/uploads\/2024\/06\/crew-01jordi-mariscal-150x150.png 150w\" sizes=\"(max-width: 317px) 100vw, 317px\" class=\"dsm_card_carousel_child_img  dsm_card_carousel_image_stretch skip-lazy\" \/><\/figure>\n\t\t\t<div class=\"dsm_card_wrapper et_pb_text_align_left et_pb_bg_layout_light\">\n\t\t\t\t\t<h4 class=\"dsm_card_title et_pb_module_header\">Jordi Mariscal<\/h4>\n\t\t\t\t\t\n\t\t\t\t\t<div class=\"dsm_card_carousel_child_description\">Director y Productor Ejecutivo<\/div>\n\t\t\t\t\t\n\t\t\t\t<\/div>\n\t\t\t\t<\/div>\n\t\t\t<\/div><div class=\"dsm_card_carousel_child dsm_card_carousel_child_1 swiper-slide\">\n\t\t\t\t\n\t\t\t\t\n\t\t\t\t\n\t\t\t\t\n\t\t\t\t\n\t\t\t\t\n\t\t\t\t<div class=\"et_pb_module_inner\">\n\t\t\t\t\t\n\t\t\t\n\t\t\t<figure class=\"dsm_card_carousel_child_image_wrapper dsm_card_carousel_child_badge_top_right\"><img decoding=\"async\" src=\"https:\/\/heroesverdes.mx\/wp-content\/uploads\/2024\/06\/crew-02carlos-guizar.png\" alt=\"\" srcset=\"https:\/\/heroesverdes.com.mx\/wp-content\/uploads\/2024\/06\/crew-02carlos-guizar.png 317w, https:\/\/heroesverdes.com.mx\/wp-content\/uploads\/2024\/06\/crew-02carlos-guizar-300x300.png 300w, https:\/\/heroesverdes.com.mx\/wp-content\/uploads\/2024\/06\/crew-02carlos-guizar-150x150.png 150w\" sizes=\"(max-width: 317px) 100vw, 317px\" class=\"dsm_card_carousel_child_img  dsm_card_carousel_image_stretch skip-lazy\" \/><\/figure>\n\t\t\t<div class=\"dsm_card_wrapper et_pb_text_align_left et_pb_bg_layout_light\">\n\t\t\t\t\t<h4 class=\"dsm_card_title et_pb_module_header\">Carlos Gu\u00edzar<\/h4>\n\t\t\t\t\t\n\t\t\t\t\t<div class=\"dsm_card_carousel_child_description\">Director de fotograf\u00eda<\/div>\n\t\t\t\t\t\n\t\t\t\t<\/div>\n\t\t\t\t<\/div>\n\t\t\t<\/div><div class=\"dsm_card_carousel_child dsm_card_carousel_child_2 swiper-slide\">\n\t\t\t\t\n\t\t\t\t\n\t\t\t\t\n\t\t\t\t\n\t\t\t\t\n\t\t\t\t\n\t\t\t\t<div class=\"et_pb_module_inner\">\n\t\t\t\t\t\n\t\t\t\n\t\t\t<figure class=\"dsm_card_carousel_child_image_wrapper dsm_card_carousel_child_badge_top_right\"><img decoding=\"async\" src=\"https:\/\/heroesverdes.mx\/wp-content\/uploads\/2024\/06\/crew-03ana-perez.png\" alt=\"\" srcset=\"https:\/\/heroesverdes.com.mx\/wp-content\/uploads\/2024\/06\/crew-03ana-perez.png 317w, https:\/\/heroesverdes.com.mx\/wp-content\/uploads\/2024\/06\/crew-03ana-perez-300x300.png 300w, https:\/\/heroesverdes.com.mx\/wp-content\/uploads\/2024\/06\/crew-03ana-perez-150x150.png 150w\" sizes=\"(max-width: 317px) 100vw, 317px\" class=\"dsm_card_carousel_child_img  dsm_card_carousel_image_stretch skip-lazy\" \/><\/figure>\n\t\t\t<div class=\"dsm_card_wrapper et_pb_text_align_left et_pb_bg_layout_light\">\n\t\t\t\t\t<h4 class=\"dsm_card_title et_pb_module_header\">Ana P\u00e9rez<\/h4>\n\t\t\t\t\t\n\t\t\t\t\t<div class=\"dsm_card_carousel_child_description\">Editora y coordinadora editorial<\/div>\n\t\t\t\t\t\n\t\t\t\t<\/div>\n\t\t\t\t<\/div>\n\t\t\t<\/div><div class=\"dsm_card_carousel_child dsm_card_carousel_child_3 swiper-slide\">\n\t\t\t\t\n\t\t\t\t\n\t\t\t\t\n\t\t\t\t\n\t\t\t\t\n\t\t\t\t\n\t\t\t\t<div class=\"et_pb_module_inner\">\n\t\t\t\t\t\n\t\t\t\n\t\t\t<figure class=\"dsm_card_carousel_child_image_wrapper dsm_card_carousel_child_badge_top_right\"><img decoding=\"async\" src=\"https:\/\/heroesverdes.mx\/wp-content\/uploads\/2024\/06\/crew-04erick-rodriguez.png\" alt=\"\" srcset=\"https:\/\/heroesverdes.com.mx\/wp-content\/uploads\/2024\/06\/crew-04erick-rodriguez.png 317w, https:\/\/heroesverdes.com.mx\/wp-content\/uploads\/2024\/06\/crew-04erick-rodriguez-300x300.png 300w, https:\/\/heroesverdes.com.mx\/wp-content\/uploads\/2024\/06\/crew-04erick-rodriguez-150x150.png 150w\" sizes=\"(max-width: 317px) 100vw, 317px\" class=\"dsm_card_carousel_child_img  dsm_card_carousel_image_stretch skip-lazy\" \/><\/figure>\n\t\t\t<div class=\"dsm_card_wrapper et_pb_text_align_left et_pb_bg_layout_light\">\n\t\t\t\t\t<h4 class=\"dsm_card_title et_pb_module_header\">Erick Rodr\u00edguez<\/h4>\n\t\t\t\t\t\n\t\t\t\t\t<div class=\"dsm_card_carousel_child_description\">Gui\u00f3n e investigaci\u00f3n<\/div>\n\t\t\t\t\t\n\t\t\t\t<\/div>\n\t\t\t\t<\/div>\n\t\t\t<\/div><div class=\"dsm_card_carousel_child dsm_card_carousel_child_4 swiper-slide\">\n\t\t\t\t\n\t\t\t\t\n\t\t\t\t\n\t\t\t\t\n\t\t\t\t\n\t\t\t\t\n\t\t\t\t<div class=\"et_pb_module_inner\">\n\t\t\t\t\t\n\t\t\t\n\t\t\t<figure class=\"dsm_card_carousel_child_image_wrapper dsm_card_carousel_child_badge_top_right\"><img decoding=\"async\" src=\"https:\/\/heroesverdes.mx\/wp-content\/uploads\/2024\/06\/crew-05pedro-ordonez.png\" alt=\"\" srcset=\"https:\/\/heroesverdes.com.mx\/wp-content\/uploads\/2024\/06\/crew-05pedro-ordonez.png 317w, https:\/\/heroesverdes.com.mx\/wp-content\/uploads\/2024\/06\/crew-05pedro-ordonez-300x300.png 300w, https:\/\/heroesverdes.com.mx\/wp-content\/uploads\/2024\/06\/crew-05pedro-ordonez-150x150.png 150w\" sizes=\"(max-width: 317px) 100vw, 317px\" class=\"dsm_card_carousel_child_img  dsm_card_carousel_image_stretch skip-lazy\" \/><\/figure>\n\t\t\t<div class=\"dsm_card_wrapper et_pb_text_align_left et_pb_bg_layout_light\">\n\t\t\t\t\t<h4 class=\"dsm_card_title et_pb_module_header\">Pedro Ord\u00f3\u00f1ez<\/h4>\n\t\t\t\t\t\n\t\t\t\t\t<div class=\"dsm_card_carousel_child_description\">Composici\u00f3n musical<\/div>\n\t\t\t\t\t\n\t\t\t\t<\/div>\n\t\t\t\t<\/div>\n\t\t\t<\/div><div class=\"dsm_card_carousel_child dsm_card_carousel_child_5 swiper-slide\">\n\t\t\t\t\n\t\t\t\t\n\t\t\t\t\n\t\t\t\t\n\t\t\t\t\n\t\t\t\t\n\t\t\t\t<div class=\"et_pb_module_inner\">\n\t\t\t\t\t\n\t\t\t\n\t\t\t<figure class=\"dsm_card_carousel_child_image_wrapper dsm_card_carousel_child_badge_top_right\"><img decoding=\"async\" src=\"https:\/\/heroesverdes.mx\/wp-content\/uploads\/2024\/06\/crew-06enrique-fernandez.png\" alt=\"\" srcset=\"https:\/\/heroesverdes.com.mx\/wp-content\/uploads\/2024\/06\/crew-06enrique-fernandez.png 317w, https:\/\/heroesverdes.com.mx\/wp-content\/uploads\/2024\/06\/crew-06enrique-fernandez-300x300.png 300w, https:\/\/heroesverdes.com.mx\/wp-content\/uploads\/2024\/06\/crew-06enrique-fernandez-150x150.png 150w\" sizes=\"(max-width: 317px) 100vw, 317px\" class=\"dsm_card_carousel_child_img  dsm_card_carousel_image_stretch skip-lazy\" \/><\/figure>\n\t\t\t<div class=\"dsm_card_wrapper et_pb_text_align_left et_pb_bg_layout_light\">\n\t\t\t\t\t<h4 class=\"dsm_card_title et_pb_module_header\">Enrique Fern\u00e1ndez<\/h4>\n\t\t\t\t\t\n\t\t\t\t\t<div class=\"dsm_card_carousel_child_description\">Supervisi\u00f3n y dise\u00f1o sonoro<\/div>\n\t\t\t\t\t\n\t\t\t\t<\/div>\n\t\t\t\t<\/div>\n\t\t\t<\/div><div class=\"dsm_card_carousel_child dsm_card_carousel_child_6 swiper-slide\">\n\t\t\t\t\n\t\t\t\t\n\t\t\t\t\n\t\t\t\t\n\t\t\t\t\n\t\t\t\t\n\t\t\t\t<div class=\"et_pb_module_inner\">\n\t\t\t\t\t\n\t\t\t\n\t\t\t<figure class=\"dsm_card_carousel_child_image_wrapper dsm_card_carousel_child_badge_top_right\"><img decoding=\"async\" src=\"https:\/\/heroesverdes.mx\/wp-content\/uploads\/2024\/06\/crew-07Pablo-acosta.png\" alt=\"\" srcset=\"https:\/\/heroesverdes.com.mx\/wp-content\/uploads\/2024\/06\/crew-07Pablo-acosta.png 317w, https:\/\/heroesverdes.com.mx\/wp-content\/uploads\/2024\/06\/crew-07Pablo-acosta-300x300.png 300w, https:\/\/heroesverdes.com.mx\/wp-content\/uploads\/2024\/06\/crew-07Pablo-acosta-150x150.png 150w\" sizes=\"(max-width: 317px) 100vw, 317px\" class=\"dsm_card_carousel_child_img  dsm_card_carousel_image_stretch skip-lazy\" \/><\/figure>\n\t\t\t<div class=\"dsm_card_wrapper et_pb_text_align_left et_pb_bg_layout_light\">\n\t\t\t\t\t<h4 class=\"dsm_card_title et_pb_module_header\">Pablo Acosta<\/h4>\n\t\t\t\t\t\n\t\t\t\t\t<div class=\"dsm_card_carousel_child_description\">Sonido directo<\/div>\n\t\t\t\t\t\n\t\t\t\t<\/div>\n\t\t\t\t<\/div>\n\t\t\t<\/div><div class=\"dsm_card_carousel_child dsm_card_carousel_child_7 swiper-slide\">\n\t\t\t\t\n\t\t\t\t\n\t\t\t\t\n\t\t\t\t\n\t\t\t\t\n\t\t\t\t\n\t\t\t\t<div class=\"et_pb_module_inner\">\n\t\t\t\t\t\n\t\t\t\n\t\t\t<figure class=\"dsm_card_carousel_child_image_wrapper dsm_card_carousel_child_badge_top_right\"><img decoding=\"async\" src=\"https:\/\/heroesverdes.mx\/wp-content\/uploads\/2024\/06\/crew-08raul-padilla.png\" alt=\"\" srcset=\"https:\/\/heroesverdes.com.mx\/wp-content\/uploads\/2024\/06\/crew-08raul-padilla.png 317w, https:\/\/heroesverdes.com.mx\/wp-content\/uploads\/2024\/06\/crew-08raul-padilla-300x300.png 300w, https:\/\/heroesverdes.com.mx\/wp-content\/uploads\/2024\/06\/crew-08raul-padilla-150x150.png 150w\" sizes=\"(max-width: 317px) 100vw, 317px\" class=\"dsm_card_carousel_child_img  dsm_card_carousel_image_stretch skip-lazy\" \/><\/figure>\n\t\t\t<div class=\"dsm_card_wrapper et_pb_text_align_left et_pb_bg_layout_light\">\n\t\t\t\t\t<h4 class=\"dsm_card_title et_pb_module_header\">Ra\u00fal Padilla<\/h4>\n\t\t\t\t\t\n\t\t\t\t\t\n\t\t\t\t\t\n\t\t\t\t<\/div>\n\t\t\t\t<\/div>\n\t\t\t<\/div>Data manager, c\u00e1mara B y asistente [&hellip;]<\/p>\n","protected":false},"author":1,"featured_media":0,"parent":0,"menu_order":0,"comment_status":"closed","ping_status":"closed","template":"","meta":{"_et_pb_use_builder":"on","_et_pb_old_content":"<!-- wp:divi\/placeholder \/-->","_et_gb_content_width":"","footnotes":"","_links_to":"","_links_to_target":""},"_links":{"self":[{"href":"https:\/\/heroesverdes.com.mx\/es\/wp-json\/wp\/v2\/pages\/24"}],"collection":[{"href":"https:\/\/heroesverdes.com.mx\/es\/wp-json\/wp\/v2\/pages"}],"about":[{"href":"https:\/\/heroesverdes.com.mx\/es\/wp-json\/wp\/v2\/types\/page"}],"author":[{"embeddable":true,"href":"https:\/\/heroesverdes.com.mx\/es\/wp-json\/wp\/v2\/users\/1"}],"replies":[{"embeddable":true,"href":"https:\/\/heroesverdes.com.mx\/es\/wp-json\/wp\/v2\/comments?post=24"}],"version-history":[{"count":15,"href":"https:\/\/heroesverdes.com.mx\/es\/wp-json\/wp\/v2\/pages\/24\/revisions"}],"predecessor-version":[{"id":578,"href":"https:\/\/heroesverdes.com.mx\/es\/wp-json\/wp\/v2\/pages\/24\/revisions\/578"}],"wp:attachment":[{"href":"https:\/\/heroesverdes.com.mx\/es\/wp-json\/wp\/v2\/media?parent=24"}],"curies":[{"name":"wp","href":"https:\/\/api.w.org\/{rel}","templated":true}]}}