{"id":27,"date":"2024-06-24T17:29:11","date_gmt":"2024-06-24T23:29:11","guid":{"rendered":"https:\/\/heroesverdes.mx\/?page_id=27"},"modified":"2026-05-08T12:45:59","modified_gmt":"2026-05-08T18:45:59","slug":"conoce-a-los-heroes-del-agua","status":"publish","type":"page","link":"https:\/\/heroesverdes.com.mx\/es\/conoce-a-los-heroes-del-agua\/","title":{"rendered":"Conoce a los h\u00e9roes del agua"},"content":{"rendered":"<p>[et_pb_section fb_built=\u00bb1&#8243; _builder_version=\u00bb4.25.2&#8243; _module_preset=\u00bbdefault\u00bb background_image=\u00bbhttps:\/\/heroesverdes.mx\/wp-content\/uploads\/2024\/06\/banner-conoce-heroes.jpg\u00bb custom_padding=\u00bb15vh||15vh||true|false\u00bb global_colors_info=\u00bb{}\u00bb][et_pb_row _builder_version=\u00bb4.25.2&#8243; _module_preset=\u00bbdefault\u00bb global_colors_info=\u00bb{}\u00bb][et_pb_column type=\u00bb4_4&#8243; _builder_version=\u00bb4.25.2&#8243; _module_preset=\u00bbdefault\u00bb global_colors_info=\u00bb{}\u00bb][et_pb_text _builder_version=\u00bb4.25.2&#8243; _module_preset=\u00bbdefault\u00bb header_2_text_color=\u00bb#78ff31&#8243; header_2_font_size=\u00bb70px\u00bb global_colors_info=\u00bb{}\u00bb]<\/p>\n<h2>Conoce<br \/>a los<br \/>H\u00e9roes<\/h2>\n<p>[\/et_pb_text][\/et_pb_column][\/et_pb_row][\/et_pb_section][et_pb_section fb_built=\u00bb1&#8243; _builder_version=\u00bb4.25.2&#8243; _module_preset=\u00bbdefault\u00bb global_colors_info=\u00bb{}\u00bb][et_pb_row column_structure=\u00bb1_2,1_2&#8243; use_custom_gutter=\u00bbon\u00bb gutter_width=\u00bb2&#8243; _builder_version=\u00bb4.25.2&#8243; _module_preset=\u00bbdefault\u00bb global_colors_info=\u00bb{}\u00bb][et_pb_column type=\u00bb1_2&#8243; _builder_version=\u00bb4.25.2&#8243; _module_preset=\u00bbdefault\u00bb global_colors_info=\u00bb{}\u00bb][et_pb_image src=\u00bbhttps:\/\/heroesverdes.mx\/wp-content\/uploads\/2024\/06\/regina-narradora.png\u00bb title_text=\u00bbregina-narradora\u00bb _builder_version=\u00bb4.25.2&#8243; _module_preset=\u00bbdefault\u00bb global_colors_info=\u00bb{}\u00bb][\/et_pb_image][\/et_pb_column][et_pb_column type=\u00bb1_2&#8243; _builder_version=\u00bb4.25.2&#8243; _module_preset=\u00bbdefault\u00bb custom_padding=\u00bb8vh|2vw|||false|false\u00bb global_colors_info=\u00bb{}\u00bb][et_pb_text _builder_version=\u00bb4.25.2&#8243; _module_preset=\u00bbdefault\u00bb text_font=\u00bb|||on|||||\u00bb header_3_font=\u00bb|700|||||||\u00bb header_3_font_size=\u00bb30px\u00bb global_colors_info=\u00bb{}\u00bb]<\/p>\n<h3>Regina Bland\u00f3n<\/h3>\n<p>Narradora<\/p>\n<p>[\/et_pb_text][et_pb_divider color=\u00bb#63d528&#8243; divider_weight=\u00bb2px\u00bb _builder_version=\u00bb4.25.2&#8243; _module_preset=\u00bbdefault\u00bb width=\u00bb40%\u00bb global_colors_info=\u00bb{}\u00bb][\/et_pb_divider][et_pb_text _builder_version=\u00bb4.25.2&#8243; _module_preset=\u00bbdefault\u00bb text_orientation=\u00bbjustified\u00bb global_colors_info=\u00bb{}\u00bb]<\/p>\n<ul>\n<li><span>Actriz mexicana comprometida con el medio ambiente.<\/span><\/li>\n<li><span>M\u00e1s de 4 millones de seguidores en redes sociales.<\/span><\/li>\n<li><span>Conocida por la serie de TV La familia P. Luche.<\/span><\/li>\n<\/ul>\n<p><span>Ha actuado en series y filmes, como Cindy la regia, Invitaci\u00f3n a un asesinato y Con los a\u00f1os que me quedan.<\/span><\/p>\n<p>[\/et_pb_text][\/et_pb_column][\/et_pb_row][\/et_pb_section][et_pb_section fb_built=\u00bb1&#8243; _builder_version=\u00bb4.25.2&#8243; _module_preset=\u00bbdefault\u00bb background_color=\u00bb#000000&#8243; global_colors_info=\u00bb{}\u00bb][et_pb_row module_id=\u00bbagua\u00bb _builder_version=\u00bb4.25.2&#8243; _module_preset=\u00bbdefault\u00bb global_colors_info=\u00bb{}\u00bb][et_pb_column type=\u00bb4_4&#8243; _builder_version=\u00bb4.25.2&#8243; _module_preset=\u00bbdefault\u00bb global_colors_info=\u00bb{}\u00bb][et_pb_text _builder_version=\u00bb4.25.2&#8243; _module_preset=\u00bbdefault\u00bb header_2_font=\u00bb|700|||||||\u00bb header_2_text_align=\u00bbcenter\u00bb header_2_text_color=\u00bb#FFFFFF\u00bb header_2_font_size=\u00bb35px\u00bb global_colors_info=\u00bb{}\u00bb]<\/p>\n<h2>Nuestros H\u00e9roes<\/h2>\n<p>[\/et_pb_text][\/et_pb_column][\/et_pb_row][et_pb_row _builder_version=\u00bb4.25.2&#8243; _module_preset=\u00bbdefault\u00bb global_colors_info=\u00bb{}\u00bb][et_pb_column type=\u00bb4_4&#8243; _builder_version=\u00bb4.25.2&#8243; _module_preset=\u00bbdefault\u00bb global_colors_info=\u00bb{}\u00bb][et_pb_menu menu_id=\u00bb10&#8243; mobile_menu_bg_color=\u00bb#000000&#8243; module_class=\u00bbpa-underline-fade\u00bb _builder_version=\u00bb4.25.2&#8243; _module_preset=\u00bbdefault\u00bb menu_font=\u00bb||||||||\u00bb menu_text_color=\u00bb#78ff31&#8243; menu_font_size=\u00bb16px\u00bb background_enable_color=\u00bboff\u00bb text_orientation=\u00bbcenter\u00bb global_colors_info=\u00bb{}\u00bb][\/et_pb_menu][\/et_pb_column][\/et_pb_row][et_pb_row _builder_version=\u00bb4.25.2&#8243; _module_preset=\u00bbdefault\u00bb global_colors_info=\u00bb{}\u00bb][et_pb_column type=\u00bb4_4&#8243; _builder_version=\u00bb4.25.2&#8243; _module_preset=\u00bbdefault\u00bb global_colors_info=\u00bb{}\u00bb][dipl_image_accordion content_alignment=\u00bbbottom_left\u00bb inactive_state=\u00bbon|off\u00bb disabled_on=\u00bbon|on|off\u00bb _builder_version=\u00bb4.25.2&#8243; _module_preset=\u00bbdefault\u00bb title_text_color=\u00bb#FFFFFF\u00bb title_font_size=\u00bb30px\u00bb desc_text_text_align=\u00bbjustify\u00bb desc_text_text_color=\u00bb#FFFFFF\u00bb custom_button=\u00bbon\u00bb button_text_size=\u00bb14px\u00bb button_text_color=\u00bb#78ff31&#8243; button_bg_color=\u00bbrgba(0,0,0,0)\u00bb button_border_width=\u00bb1px\u00bb button_border_color=\u00bb#FFFFFF\u00bb button_alignment=\u00bbleft\u00bb height=\u00bb450px\u00bb global_colors_info=\u00bb{}\u00bb][dipl_image_accordion_item title=\u00bbRub\u00e9n Ramos\u00bb show_button=\u00bbon\u00bb button_text=\u00bbPara saber m\u00e1s entra aqu\u00ed\u00bb button_url=\u00bbhttps:\/\/www.instagram.com\/rubendelafuente_73\/\u00bb button_url_new_window=\u00bbon\u00bb accordion_bg_image=\u00bbhttps:\/\/heroesverdes.mx\/wp-content\/uploads\/2024\/06\/fondo-ruben-color.jpg\u00bb active_accordion_bg_image=\u00bbhttps:\/\/heroesverdes.mx\/wp-content\/uploads\/2024\/06\/fondo-ruben-bn.jpg\u00bb _builder_version=\u00bb4.25.2&#8243; _module_preset=\u00bbdefault\u00bb global_colors_info=\u00bb{}\u00bb]<\/p>\n<p><span style=\"color: #78ff31;\">\u201cEl purificador de r\u00edos\u201d<\/span><\/p>\n<p>Desde ni\u00f1o Rub\u00e9n fue una mente inquieta. Tras 20 a\u00f1os de trabajo, invent\u00f3 un sistema que potabiliza el agua contaminada usando burbujas. Esta tecnolog\u00eda, dise\u00f1ada para utilizar m\u00ednimas cantidades de energ\u00eda, ha demostrado su efectividad al usarse con aguas de minas, fracking, industrias y r\u00edos contaminados, alentando su sue\u00f1o de llevar agua limpia a todos.<\/p>\n<p><img loading=\"lazy\" decoding=\"async\" src=\"https:\/\/heroesverdes.mx\/wp-content\/uploads\/2024\/06\/uniaquatech.png\" width=\"199\" height=\"79\" alt=\"\" class=\"wp-image-325 alignnone size-full\" \/><\/p>\n<p>[\/dipl_image_accordion_item][dipl_image_accordion_item title=\u00bbEnrique Lonmitz\u00bb show_button=\u00bbon\u00bb button_text=\u00bbPara saber m\u00e1s entra aqu\u00ed\u00bb button_url=\u00bbhttp:\/\/www.islaurbana.org\u00bb button_url_new_window=\u00bbon\u00bb accordion_bg_image=\u00bbhttps:\/\/heroesverdes.mx\/wp-content\/uploads\/2024\/06\/enrique-lonm-color.jpg\u00bb active_accordion_bg_image=\u00bbhttps:\/\/heroesverdes.mx\/wp-content\/uploads\/2024\/06\/enrique-lonm-bn.jpg\u00bb _builder_version=\u00bb4.25.2&#8243; _module_preset=\u00bbdefault\u00bb global_colors_info=\u00bb{}\u00bb]<\/p>\n<p><span style=\"color: #78ff31;\">\u201cEl cosechador de lluvia\u201d<\/span><\/p>\n<p>Ante la crisis h\u00eddrica y la necesidad de tener una mejor relaci\u00f3n con los ciclos naturales, Enrique Lomnitz y el equipo de Isla Urbana desarrollaron un sistema de cosecha de agua de lluvia de bajo costo. A la fecha han captado m\u00e1s de dos mil millones de litros de agua anualmente. Este modelo contribuye a la reducci\u00f3n del uso de energ\u00eda y al reabastecimiento de los mantos acu\u00edferos.<\/p>\n<p>Si deseas instalar un captador de lluvia en tu casa, cont\u00e1ctanos.<\/p>\n<p><img loading=\"lazy\" decoding=\"async\" src=\"https:\/\/heroesverdes.mx\/wp-content\/uploads\/2024\/06\/isla-urbana.png\" width=\"200\" height=\"41\" alt=\"\" class=\"wp-image-322 alignnone size-full\" \/><\/p>\n<p>[\/dipl_image_accordion_item][dipl_image_accordion_item title=\u00bbTeresa Guti\u00e9rrez\u00bb show_button=\u00bbon\u00bb button_text=\u00bbPara saber m\u00e1s entra aqu\u00ed\u00bb button_url=\u00bbhttp:\/\/www.agua.org.mx\u00bb button_url_new_window=\u00bbon\u00bb accordion_bg_image=\u00bbhttps:\/\/heroesverdes.mx\/wp-content\/uploads\/2024\/06\/teresa-gut-color.jpg\u00bb active_accordion_bg_image=\u00bbhttps:\/\/heroesverdes.mx\/wp-content\/uploads\/2024\/06\/teresa-gut-bn.jpg\u00bb _builder_version=\u00bb4.25.2&#8243; _module_preset=\u00bbdefault\u00bb global_colors_info=\u00bb{}\u00bb]<\/p>\n<p><span style=\"color: #78ff31;\">\u201cLa cart\u00f3grafa del agua\u201d<\/span><\/p>\n<p>\u00bfCu\u00e1nta agua hay en M\u00e9xico? \u00bfEn qu\u00e9 se usa? \u00bfQu\u00e9 calidad tiene? Teresa Gutierrez se dio cuenta de que responder a estas preguntas es tan vital como el agua. Para ello, desarroll\u00f3 un mapa colectivo del agua en nuestro pa\u00eds. Dicho atlas muestra la importancia de las cuencas como eje un sustentable.<\/p>\n<p>Si quieres colaborar o saber m\u00e1s entra a: \u201cAgua.org.mx\u201d y a la app: \u201cNuestra agua\u201d<\/p>\n<p><img loading=\"lazy\" decoding=\"async\" src=\"https:\/\/heroesverdes.mx\/wp-content\/uploads\/2024\/06\/agua-org.png\" width=\"130\" height=\"67\" alt=\"\" class=\"wp-image-317 alignnone size-full\" \/><\/p>\n<p>&nbsp;<\/p>\n<p>[\/dipl_image_accordion_item][\/dipl_image_accordion][dipl_image_accordion accordion_orientation=\u00bbvertical\u00bb content_alignment=\u00bbbottom_center\u00bb inactive_state=\u00bbon|off\u00bb disabled_on=\u00bboff|off|on\u00bb _builder_version=\u00bb4.25.2&#8243; _module_preset=\u00bbdefault\u00bb title_text_color=\u00bb#FFFFFF\u00bb title_font_size=\u00bb30px\u00bb desc_text_text_align=\u00bbjustify\u00bb desc_text_text_color=\u00bb#FFFFFF\u00bb custom_button=\u00bbon\u00bb button_text_size=\u00bb14px\u00bb button_text_color=\u00bb#78ff31&#8243; button_bg_color=\u00bbrgba(0,0,0,0)\u00bb button_border_width=\u00bb1px\u00bb button_border_color=\u00bb#FFFFFF\u00bb button_alignment=\u00bbleft\u00bb height=\u00bb1000px\u00bb global_colors_info=\u00bb{}\u00bb][dipl_image_accordion_item title=\u00bbRub\u00e9n Ramos\u00bb show_button=\u00bbon\u00bb button_text=\u00bbPara saber m\u00e1s entra aqu\u00ed\u00bb button_url=\u00bbhttps:\/\/www.instagram.com\/rubendelafuente_73\/\u00bb button_url_new_window=\u00bbon\u00bb accordion_bg_image=\u00bbhttps:\/\/heroesverdes.mx\/wp-content\/uploads\/2024\/06\/fondo-ruben-color.jpg\u00bb active_accordion_bg_image=\u00bbhttps:\/\/heroesverdes.mx\/wp-content\/uploads\/2024\/06\/fondo-ruben-bn.jpg\u00bb _builder_version=\u00bb4.25.2&#8243; _module_preset=\u00bbdefault\u00bb global_colors_info=\u00bb{}\u00bb]<\/p>\n<p><span style=\"color: #78ff31;\">\u201cEl purificador de r\u00edos\u201d<\/span><\/p>\n<p>Desde ni\u00f1o Rub\u00e9n fue una mente inquieta. Tras 20 a\u00f1os de trabajo, invent\u00f3 un sistema que potabiliza el agua contaminada usando burbujas. Esta tecnolog\u00eda, dise\u00f1ada para utilizar m\u00ednimas cantidades de energ\u00eda, ha demostrado su efectividad al usarse con aguas de minas, fracking, industrias y r\u00edos contaminados, alentando su sue\u00f1o de llevar agua limpia a todos.<\/p>\n<p><img loading=\"lazy\" decoding=\"async\" src=\"https:\/\/heroesverdes.mx\/wp-content\/uploads\/2024\/06\/uniaquatech.png\" width=\"199\" height=\"79\" alt=\"\" class=\"wp-image-325 alignnone size-full\" \/><\/p>\n<p>[\/dipl_image_accordion_item][dipl_image_accordion_item title=\u00bbEnrique Lonmitz\u00bb show_button=\u00bbon\u00bb button_text=\u00bbPara saber m\u00e1s entra aqu\u00ed\u00bb button_url=\u00bbhttp:\/\/www.islaurbana.org\u00bb button_url_new_window=\u00bbon\u00bb accordion_bg_image=\u00bbhttps:\/\/heroesverdes.mx\/wp-content\/uploads\/2024\/06\/enrique-lonm-color.jpg\u00bb active_accordion_bg_image=\u00bbhttps:\/\/heroesverdes.mx\/wp-content\/uploads\/2024\/06\/enrique-lonm-bn.jpg\u00bb _builder_version=\u00bb4.25.2&#8243; _module_preset=\u00bbdefault\u00bb global_colors_info=\u00bb{}\u00bb]<\/p>\n<p><span style=\"color: #78ff31;\">\u201cEl cosechador de lluvia\u201d<\/span><\/p>\n<p>Ante la crisis h\u00eddrica y la necesidad de tener una mejor relaci\u00f3n con los ciclos naturales, Enrique Lomnitz y el equipo de Isla Urbana desarrollaron un sistema de cosecha de agua de lluvia de bajo costo. A la fecha han captado m\u00e1s de dos mil millones de litros de agua anualmente. Este modelo contribuye a la reducci\u00f3n del uso de energ\u00eda y al reabastecimiento de los mantos acu\u00edferos.<\/p>\n<p>Si deseas instalar un captador de lluvia en tu casa, cont\u00e1ctanos.<\/p>\n<p><img loading=\"lazy\" decoding=\"async\" src=\"https:\/\/heroesverdes.mx\/wp-content\/uploads\/2024\/06\/isla-urbana.png\" width=\"200\" height=\"41\" alt=\"\" class=\"wp-image-322 alignnone size-full\" \/><\/p>\n<p>[\/dipl_image_accordion_item][dipl_image_accordion_item title=\u00bbTeresa Guti\u00e9rrez\u00bb show_button=\u00bbon\u00bb button_text=\u00bbPara saber m\u00e1s entra aqu\u00ed\u00bb button_url=\u00bbhttp:\/\/www.agua.org.mx\u00bb button_url_new_window=\u00bbon\u00bb accordion_bg_image=\u00bbhttps:\/\/heroesverdes.mx\/wp-content\/uploads\/2024\/06\/teresa-gut-color.jpg\u00bb active_accordion_bg_image=\u00bbhttps:\/\/heroesverdes.mx\/wp-content\/uploads\/2024\/06\/teresa-gut-bn.jpg\u00bb _builder_version=\u00bb4.25.2&#8243; _module_preset=\u00bbdefault\u00bb global_colors_info=\u00bb{}\u00bb]<\/p>\n<p><span style=\"color: #78ff31;\">\u201cLa cart\u00f3grafa del agua\u201d<\/span><\/p>\n<p>\u00bfCu\u00e1nta agua hay en M\u00e9xico? \u00bfEn qu\u00e9 se usa? \u00bfQu\u00e9 calidad tiene? Teresa Gutierrez se dio cuenta de que responder a estas preguntas es tan vital como el agua. Para ello, desarroll\u00f3 un mapa colectivo del agua en nuestro pa\u00eds. Dicho atlas muestra la importancia de las cuencas como eje un sustentable.<\/p>\n<p>Si quieres colaborar o saber m\u00e1s entra a: \u201cAgua.org.mx\u201d y a la app: \u201cNuestra agua\u201d<\/p>\n<p><img loading=\"lazy\" decoding=\"async\" src=\"https:\/\/heroesverdes.mx\/wp-content\/uploads\/2024\/06\/agua-org.png\" width=\"130\" height=\"67\" alt=\"\" class=\"wp-image-317 alignnone size-full\" \/><\/p>\n<p>&nbsp;<\/p>\n<p>[\/dipl_image_accordion_item][\/dipl_image_accordion][\/et_pb_column][\/et_pb_row][\/et_pb_section]<\/p>\n","protected":false},"excerpt":{"rendered":"<p>Conocea losH\u00e9roesRegina Bland\u00f3n Narradora Actriz mexicana comprometida con el medio ambiente. M\u00e1s de 4 millones de seguidores en redes sociales. Conocida por la serie de TV La familia P. Luche. Ha actuado en series y filmes, como Cindy la regia, Invitaci\u00f3n a un asesinato y Con los a\u00f1os que me quedan.Nuestros H\u00e9roes<div class=\"et_pb_module dipl_image_accordion dipl_image_accordion_0  et_pb_text_align_center et_pb_bg_layout_light\">\n\t\t\t\t\n\t\t\t\t\n\t\t\t\t\n\t\t\t\t\n\t\t\t\t\n\t\t\t\t\n\t\t\t\t<div class=\"et_pb_module_inner\">\n\t\t\t\t\t<div class=\"dipl_image_accordion_wrapper dipl_image_accordion_content_bottom_left\" data-trigger=\"hover\" data-default-active=\"0\"><\/div>\n\t\t\t\t<\/div>\n\t\t\t<\/div><div class=\"et_pb_module dipl_image_accordion_item dipl_image_accordion_item_0  et_pb_bg_layout_\">\n\t\t\t\t<div class=\"dipl_image_accordion_item_content_wrapper\">\n\t\t\t\t\t<div class=\"dipl_image_accordion_item_content_inner_wrap et_pb_animation_off\"><h4 class=\"dipl_image_accordion_item_title\">Rub\u00e9n Ramos<\/h4><div class=\"dipl_image_accordion_item_desc\">\u201cEl purificador de r\u00edos\u201d Desde ni\u00f1o Rub\u00e9n fue una mente inquieta. Tras 20 a\u00f1os de trabajo, invent\u00f3 un sistema que potabiliza el agua contaminada usando burbujas. Esta tecnolog\u00eda, dise\u00f1ada para utilizar m\u00ednimas cantidades de energ\u00eda, ha demostrado su efectividad al usarse con aguas de minas, fracking, industrias y r\u00edos contaminados, alentando su sue\u00f1o de llevar agua limpia a todos. <\/div><div class=\"et_pb_button_wrapper\"><a class=\"et_pb_button\" href=\"https:\/\/www.instagram.com\/rubendelafuente_73\/\" target=\"_blank\">Para saber m\u00e1s entra aqu\u00ed<\/a><\/div><\/div>\n\t\t\t\t<\/div>\n\t\t\t<\/div><div class=\"et_pb_module dipl_image_accordion_item dipl_image_accordion_item_1  et_pb_bg_layout_\">\n\t\t\t\t<div class=\"dipl_image_accordion_item_content_wrapper\">\n\t\t\t\t\t<div class=\"dipl_image_accordion_item_content_inner_wrap et_pb_animation_off\"><h4 class=\"dipl_image_accordion_item_title\">Enrique Lonmitz<\/h4><div class=\"et_pb_button_wrapper\"><a class=\"et_pb_button\" href=\"http:\/\/www.islaurbana.org\" target=\"_blank\">Para saber m\u00e1s entra aqu\u00ed<\/a><\/div><\/div>\n\t\t\t\t<\/div>\n\t\t\t<\/div>\u201cEl cosechador de lluvia\u201d Ante la crisis h\u00eddrica y la necesidad de tener una mejor relaci\u00f3n con los ciclos naturales, Enrique Lomnitz y el equipo de Isla Urbana desarrollaron un sistema de cosecha de agua de lluvia de bajo costo. A la [&hellip;]<\/p>\n","protected":false},"author":1,"featured_media":0,"parent":0,"menu_order":0,"comment_status":"closed","ping_status":"closed","template":"","meta":{"_et_pb_use_builder":"on","_et_pb_old_content":"<!-- wp:divi\/placeholder \/-->","_et_gb_content_width":"","footnotes":"","_links_to":"","_links_to_target":""},"_links":{"self":[{"href":"https:\/\/heroesverdes.com.mx\/es\/wp-json\/wp\/v2\/pages\/27"}],"collection":[{"href":"https:\/\/heroesverdes.com.mx\/es\/wp-json\/wp\/v2\/pages"}],"about":[{"href":"https:\/\/heroesverdes.com.mx\/es\/wp-json\/wp\/v2\/types\/page"}],"author":[{"embeddable":true,"href":"https:\/\/heroesverdes.com.mx\/es\/wp-json\/wp\/v2\/users\/1"}],"replies":[{"embeddable":true,"href":"https:\/\/heroesverdes.com.mx\/es\/wp-json\/wp\/v2\/comments?post=27"}],"version-history":[{"count":30,"href":"https:\/\/heroesverdes.com.mx\/es\/wp-json\/wp\/v2\/pages\/27\/revisions"}],"predecessor-version":[{"id":936,"href":"https:\/\/heroesverdes.com.mx\/es\/wp-json\/wp\/v2\/pages\/27\/revisions\/936"}],"wp:attachment":[{"href":"https:\/\/heroesverdes.com.mx\/es\/wp-json\/wp\/v2\/media?parent=27"}],"curies":[{"name":"wp","href":"https:\/\/api.w.org\/{rel}","templated":true}]}}